{"id":6,"date":"2018-03-17T20:18:59","date_gmt":"2018-03-17T20:18:59","guid":{"rendered":"https:\/\/madamenugnes.wordpress.com\/?page_id=2"},"modified":"2020-08-22T10:53:56","modified_gmt":"2020-08-22T08:53:56","slug":"a-propos","status":"publish","type":"page","link":"https:\/\/bien-ecrire.org\/index.php\/a-propos\/","title":{"rendered":"\u00c0 propos"},"content":{"rendered":"<p>Vid\u00e9os p\u00e9gagogiques cr\u00e9\u00e9es par Madame Nugnes, \u00e0 l&rsquo;attention de ses \u00e9l\u00e8ves.<\/p>\n<p><span class=\"st\">\u00a9<\/span>Tous droits r\u00e9serv\u00e9s<\/p>\n","protected":false},"excerpt":{"rendered":"<p>Vid\u00e9os p\u00e9gagogiques cr\u00e9\u00e9es par Madame Nugnes, \u00e0 l&rsquo;attention de ses \u00e9l\u00e8ves. \u00a9Tous droits r\u00e9serv\u00e9s<\/p>\n","protected":false},"author":1,"featured_media":0,"parent":0,"menu_order":1,"comment_status":"closed","ping_status":"closed","template":"","meta":{"_et_pb_use_builder":"","_et_pb_old_content":"","_et_gb_content_width":"","footnotes":""},"class_list":["post-6","page","type-page","status-publish","hentry"],"_links":{"self":[{"href":"https:\/\/bien-ecrire.org\/index.php\/wp-json\/wp\/v2\/pages\/6","targetHints":{"allow":["GET"]}}],"collection":[{"href":"https:\/\/bien-ecrire.org\/index.php\/wp-json\/wp\/v2\/pages"}],"about":[{"href":"https:\/\/bien-ecrire.org\/index.php\/wp-json\/wp\/v2\/types\/page"}],"author":[{"embeddable":true,"href":"https:\/\/bien-ecrire.org\/index.php\/wp-json\/wp\/v2\/users\/1"}],"replies":[{"embeddable":true,"href":"https:\/\/bien-ecrire.org\/index.php\/wp-json\/wp\/v2\/comments?post=6"}],"version-history":[{"count":1,"href":"https:\/\/bien-ecrire.org\/index.php\/wp-json\/wp\/v2\/pages\/6\/revisions"}],"predecessor-version":[{"id":999,"href":"https:\/\/bien-ecrire.org\/index.php\/wp-json\/wp\/v2\/pages\/6\/revisions\/999"}],"wp:attachment":[{"href":"https:\/\/bien-ecrire.org\/index.php\/wp-json\/wp\/v2\/media?parent=6"}],"curies":[{"name":"wp","href":"https:\/\/api.w.org\/{rel}","templated":true}]}}