{"id":940,"date":"2020-08-21T17:55:21","date_gmt":"2020-08-21T15:55:21","guid":{"rendered":"http:\/\/bien-ecrire.org\/?page_id=940"},"modified":"2021-08-31T20:50:35","modified_gmt":"2021-08-31T18:50:35","slug":"940-2","status":"publish","type":"page","link":"https:\/\/bien-ecrire.org\/","title":{"rendered":"Accueil"},"content":{"rendered":"<p>[et_pb_section fb_built=\u00a0\u00bb1&Prime; admin_label=\u00a0\u00bbBlog Hero\u00a0\u00bb _builder_version=\u00a0\u00bb3.22&Prime; use_background_color_gradient=\u00a0\u00bbon\u00a0\u00bb background_color_gradient_start=\u00a0\u00bbrgba(114,114,255,0.24)\u00a0\u00bb background_color_gradient_end=\u00a0\u00bb#ffffff\u00a0\u00bb background_blend=\u00a0\u00bbmultiply\u00a0\u00bb custom_padding=\u00a0\u00bb100px|0px|100px|0px\u00a0\u00bb animation_style=\u00a0\u00bbslide\u00a0\u00bb animation_direction=\u00a0\u00bbtop\u00a0\u00bb animation_intensity_slide=\u00a0\u00bb2%\u00a0\u00bb locked=\u00a0\u00bboff\u00a0\u00bb][et_pb_row _builder_version=\u00a0\u00bb3.25&Prime; background_size=\u00a0\u00bbinitial\u00a0\u00bb background_position=\u00a0\u00bbtop_left\u00a0\u00bb background_repeat=\u00a0\u00bbrepeat\u00a0\u00bb custom_margin=\u00a0\u00bb|||\u00a0\u00bb custom_padding=\u00a0\u00bb27px|0px|27px|0px\u00a0\u00bb custom_width_px=\u00a0\u00bb1280px\u00a0\u00bb][et_pb_column type=\u00a0\u00bb4_4&Prime; _builder_version=\u00a0\u00bb3.25&Prime; custom_padding=\u00a0\u00bb|||\u00a0\u00bb custom_padding__hover=\u00a0\u00bb|||\u00a0\u00bb][et_pb_text _builder_version=\u00a0\u00bb3.27.4&Prime; text_font=\u00a0\u00bb||||||||\u00a0\u00bb header_font=\u00a0\u00bb|700|||||||\u00a0\u00bb header_text_color=\u00a0\u00bb#7272ff\u00a0\u00bb header_font_size=\u00a0\u00bb42px\u00a0\u00bb header_line_height=\u00a0\u00bb1.3em\u00a0\u00bb background_size=\u00a0\u00bbinitial\u00a0\u00bb background_position=\u00a0\u00bbtop_left\u00a0\u00bb background_repeat=\u00a0\u00bbrepeat\u00a0\u00bb text_orientation=\u00a0\u00bbcenter\u00a0\u00bb background_layout=\u00a0\u00bbdark\u00a0\u00bb max_width=\u00a0\u00bb530px\u00a0\u00bb module_alignment=\u00a0\u00bbcenter\u00a0\u00bb custom_padding=\u00a0\u00bb|||\u00a0\u00bb header_font_size_tablet=\u00a0\u00bb\u00a0\u00bb header_font_size_phone=\u00a0\u00bb\u00a0\u00bb header_font_size_last_edited=\u00a0\u00bbon|desktop\u00a0\u00bb locked=\u00a0\u00bboff\u00a0\u00bb]<\/p>\n<h1>R\u00e9vise et approfondis tes cours \u00e0 la maison !<\/h1>\n<p>[\/et_pb_text][et_pb_text _builder_version=\u00a0\u00bb3.27.4&Prime; text_text_color=\u00a0\u00bb#474ab6&Prime; text_font_size=\u00a0\u00bb16px\u00a0\u00bb text_line_height=\u00a0\u00bb1.9em\u00a0\u00bb background_size=\u00a0\u00bbinitial\u00a0\u00bb background_position=\u00a0\u00bbtop_left\u00a0\u00bb background_repeat=\u00a0\u00bbrepeat\u00a0\u00bb text_orientation=\u00a0\u00bbcenter\u00a0\u00bb max_width=\u00a0\u00bb540px\u00a0\u00bb module_alignment=\u00a0\u00bbcenter\u00a0\u00bb locked=\u00a0\u00bboff\u00a0\u00bb]<\/p>\n<p><em><strong> A l&rsquo;attention de mes \u00e9l\u00e8ves<\/strong><\/em><\/p>\n<p>Tu es au bon endroit : je suis madame Nugnes, la professeure de fran\u00e7ais de ta classe.<\/p>\n<p>J&rsquo;ai donn\u00e9 en classe le lien d&rsquo;une de mes vid\u00e9os ? Eh bien, c&rsquo;est le moment de t&rsquo;y mettre ! Avoue qu&rsquo;il y a des fa\u00e7ons plus d\u00e9sagr\u00e9ables (moins num\u00e9riques, on va dire) de faire ses devoirs !<\/p>\n<p>Pour acc\u00e9der \u00e0 la vid\u00e9o qui t&rsquo;int\u00e9resse, tape son mot-cl\u00e9 dans la barre de recherche \u00e0 c\u00f4t\u00e9 du menu en haut de la page, et appuie sur la touche \u00ab\u00a0entr\u00e9e\u00a0\u00bb.<\/p>\n<p>Si tu veux jeter un \u0153il \u00e0 mes vid\u00e9os, sans avoir aucune recherche pr\u00e9cise, clique simplement sur les \u00e9l\u00e9ments du menu (\u00ab\u00a0grammaire\u00a0\u00bb, \u00ab\u00a0conjugaison\u00a0\u00bb, \u00ab\u00a0orthographe\u00a0\u00bb, \u00ab\u00a0syntaxe\u00a0\u00bb, \u00ab\u00a0m\u00e9thode\u00a0\u00bb ou encore \u00ab\u00a0vocabulaire\u00a0\u00bb)<\/p>\n<p><!--more--><\/p>\n<p><em><strong>A l&rsquo;attention des \u00e9l\u00e8ves de coll\u00e8gues enseignants<br \/><\/strong><\/em><\/p>\n<p>Ton professeur t&rsquo;a donn\u00e9 le lien de mon blog ? J&rsquo;avoue que je suis flatt\u00e9e.<\/p>\n<p><em><strong>A l&rsquo;attention d&rsquo;\u00e9l\u00e8ves \u00e0 qui le lien a \u00e9t\u00e9 donn\u00e9 par un camarade<\/strong><\/em><\/p>\n<p>Tu y vas pour r\u00e9viser ton cours, ou encore combler tes lacunes ? Excellente initiative ! Il existe des gens motiv\u00e9s et j&rsquo;en suis ravie. Je te souhaite de r\u00e9ussir ton ann\u00e9e.<\/p>\n<p><em><strong>A toute autre personne<\/strong> <\/em><\/p>\n<p>Enseignante certifi\u00e9e de fran\u00e7ais en coll\u00e8ge depuis 2008, cr\u00e9atrice de la cha\u00eene YouTube \u00ab\u00a0Bien \u00e9crire\u00a0\u00bb, je ne donne le lien de ce site qu&rsquo;\u00e0 mes \u00e9l\u00e8ves. Mais si vous \u00eates arriv\u00e9(e) par hasard, rien ne vous emp\u00eache d&rsquo;y rester \ud83d\ude42<\/p>\n<p>[\/et_pb_text][\/et_pb_column][\/et_pb_row][\/et_pb_section]<\/p>\n","protected":false},"excerpt":{"rendered":"<p>R\u00e9vise et approfondis tes cours \u00e0 la maison ! A l&rsquo;attention de mes \u00e9l\u00e8ves Tu es au bon endroit : je suis madame Nugnes, la professeure de fran\u00e7ais de ta classe. J&rsquo;ai donn\u00e9 en classe le lien d&rsquo;une de mes vid\u00e9os ? Eh bien, c&rsquo;est le moment de t&rsquo;y mettre ! Avoue qu&rsquo;il y a [&hellip;]<\/p>\n","protected":false},"author":1,"featured_media":0,"parent":0,"menu_order":0,"comment_status":"closed","ping_status":"closed","template":"","meta":{"_et_pb_use_builder":"on","_et_pb_old_content":"","_et_gb_content_width":"","footnotes":""},"class_list":["post-940","page","type-page","status-publish","hentry"],"_links":{"self":[{"href":"https:\/\/bien-ecrire.org\/index.php\/wp-json\/wp\/v2\/pages\/940","targetHints":{"allow":["GET"]}}],"collection":[{"href":"https:\/\/bien-ecrire.org\/index.php\/wp-json\/wp\/v2\/pages"}],"about":[{"href":"https:\/\/bien-ecrire.org\/index.php\/wp-json\/wp\/v2\/types\/page"}],"author":[{"embeddable":true,"href":"https:\/\/bien-ecrire.org\/index.php\/wp-json\/wp\/v2\/users\/1"}],"replies":[{"embeddable":true,"href":"https:\/\/bien-ecrire.org\/index.php\/wp-json\/wp\/v2\/comments?post=940"}],"version-history":[{"count":12,"href":"https:\/\/bien-ecrire.org\/index.php\/wp-json\/wp\/v2\/pages\/940\/revisions"}],"predecessor-version":[{"id":1212,"href":"https:\/\/bien-ecrire.org\/index.php\/wp-json\/wp\/v2\/pages\/940\/revisions\/1212"}],"wp:attachment":[{"href":"https:\/\/bien-ecrire.org\/index.php\/wp-json\/wp\/v2\/media?parent=940"}],"curies":[{"name":"wp","href":"https:\/\/api.w.org\/{rel}","templated":true}]}}